{"id":1169,"date":"2024-10-27T13:48:15","date_gmt":"2024-10-27T13:48:15","guid":{"rendered":"https:\/\/rockyspincasino.es\/contacto\/"},"modified":"2025-05-13T10:55:10","modified_gmt":"2025-05-13T09:55:10","slug":"contacto","status":"publish","type":"page","link":"https:\/\/rockyspincasino.es\/de\/contacto\/","title":{"rendered":"Kontakt"},"content":{"rendered":"<h1>Kontakt<\/h1>\n<p>Wenn Sie Informationen oder Hilfe ben\u00f6tigen, z\u00f6gern Sie bitte nicht, uns zu kontaktieren, indem Sie das untenstehende Formular ausf\u00fcllen. Unser Team ist gerne f\u00fcr Sie da und wird Ihre Anfrage so schnell wie m\u00f6glich beantworten.<\/p>\n\n<div class=\"wpcf7 no-js\" id=\"wpcf7-f318-o1\" lang=\"de-DE\" dir=\"ltr\" data-wpcf7-id=\"318\">\n<div class=\"screen-reader-response\"><p role=\"status\" aria-live=\"polite\" aria-atomic=\"true\"><\/p> <ul><\/ul><\/div>\n<form action=\"\/de\/wp-json\/wp\/v2\/pages\/1169#wpcf7-f318-o1\" method=\"post\" class=\"wpcf7-form init\" aria-label=\"Kontaktformular\" novalidate=\"novalidate\" data-status=\"init\">\n<fieldset class=\"hidden-fields-container\"><input type=\"hidden\" name=\"_wpcf7\" value=\"318\" \/><input type=\"hidden\" name=\"_wpcf7_version\" value=\"6.1.5\" \/><input type=\"hidden\" name=\"_wpcf7_locale\" value=\"de_DE\" \/><input type=\"hidden\" name=\"_wpcf7_unit_tag\" value=\"wpcf7-f318-o1\" \/><input type=\"hidden\" name=\"_wpcf7_container_post\" value=\"0\" \/><input type=\"hidden\" name=\"_wpcf7_posted_data_hash\" value=\"\" \/>\n<\/fieldset>\n<label> Ihr Name\n    <input size=\"40\" maxlength=\"400\" class=\"wpcf7-form-control wpcf7-text wpcf7-validates-as-required\" autocomplete=\"name\" aria-required=\"true\" aria-invalid=\"false\" value=\"\" type=\"text\" name=\"your-name\" \/> \n<\/label>\n\n<label> E-Mail\n    <input size=\"40\" maxlength=\"400\" class=\"wpcf7-form-control wpcf7-email wpcf7-validates-as-required wpcf7-text wpcf7-validates-as-email\" autocomplete=\"email\" aria-required=\"true\" aria-invalid=\"false\" value=\"\" type=\"email\" name=\"your-email\" \/> \n<\/label>\n\n<label> Ihre Nachricht\n    <textarea cols=\"40\" rows=\"10\" maxlength=\"2000\" class=\"wpcf7-form-control wpcf7-textarea\" aria-invalid=\"false\" name=\"your-message\"><\/textarea> \n<\/label>\n\n<input class=\"wpcf7-form-control wpcf7-submit has-spinner btn btn-orange rounded-pill btn-zoomin px-4 fw-bold\" type=\"submit\" value=\"Senden Sie\" \/><div class=\"wpcf7-response-output\" aria-hidden=\"true\"><\/div>\n<\/form>\n<\/div>\n\n","protected":false},"excerpt":{"rendered":"<p>Kontakt Wenn Sie Informationen oder Hilfe ben\u00f6tigen, z\u00f6gern Sie bitte nicht, uns zu kontaktieren, indem Sie das untenstehende Formular ausf\u00fcllen. Unser Team ist gerne f\u00fcr Sie da und wird Ihre Anfrage so schnell wie m\u00f6glich beantworten.<\/p>\n","protected":false},"author":1,"featured_media":0,"parent":0,"menu_order":0,"comment_status":"closed","ping_status":"closed","template":"template-builder.php","meta":{"_acf_changed":false,"inline_featured_image":false,"footnotes":""},"class_list":["post-1169","page","type-page","status-publish","hentry"],"acf":[],"yoast_head":"<!-- This site is optimized with the Yoast SEO plugin v27.3 - https:\/\/yoast.com\/product\/yoast-seo-wordpress\/ -->\n<title>Kontakt - rockyspincasino<\/title>\n<meta name=\"description\" content=\"Kontaktieren Sie RockySpin Casino f\u00fcr Fragen oder Hilfe. F\u00fcllen Sie das untenstehende Formular aus und unser Support-Team wird sich umgehend mit Ihnen in Verbindung setzen.\" \/>\n<meta name=\"robots\" content=\"index, follow, max-snippet:-1, max-image-preview:large, max-video-preview:-1\" \/>\n<link rel=\"canonical\" href=\"https:\/\/rockyspincasino.es\/de\/contacto\/\" \/>\n<meta property=\"og:locale\" content=\"de_DE\" \/>\n<meta property=\"og:type\" content=\"article\" \/>\n<meta property=\"og:title\" content=\"Kontakt - rockyspincasino\" \/>\n<meta property=\"og:description\" content=\"Kontaktieren Sie RockySpin Casino f\u00fcr Fragen oder Hilfe. F\u00fcllen Sie das untenstehende Formular aus und unser Support-Team wird sich umgehend mit Ihnen in Verbindung setzen.\" \/>\n<meta property=\"og:url\" content=\"https:\/\/rockyspincasino.es\/de\/contacto\/\" \/>\n<meta property=\"og:site_name\" content=\"rockyspincasino\" \/>\n<meta property=\"article:modified_time\" content=\"2025-05-13T09:55:10+00:00\" \/>\n<meta name=\"twitter:card\" content=\"summary_large_image\" \/>\n<meta name=\"twitter:label1\" content=\"Gesch\u00e4tzte Lesezeit\" \/>\n\t<meta name=\"twitter:data1\" content=\"1\u00a0Minute\" \/>\n<script type=\"application\/ld+json\" class=\"yoast-schema-graph\">{\"@context\":\"https:\\\/\\\/schema.org\",\"@graph\":[{\"@type\":\"WebPage\",\"@id\":\"https:\\\/\\\/rockyspincasino.es\\\/de\\\/contacto\\\/\",\"url\":\"https:\\\/\\\/rockyspincasino.es\\\/de\\\/contacto\\\/\",\"name\":\"Kontakt - rockyspincasino\",\"isPartOf\":{\"@id\":\"https:\\\/\\\/rockyspincasino.es\\\/de\\\/#website\"},\"datePublished\":\"2024-10-27T13:48:15+00:00\",\"dateModified\":\"2025-05-13T09:55:10+00:00\",\"description\":\"Kontaktieren Sie RockySpin Casino f\u00fcr Fragen oder Hilfe. F\u00fcllen Sie das untenstehende Formular aus und unser Support-Team wird sich umgehend mit Ihnen in Verbindung setzen.\",\"breadcrumb\":{\"@id\":\"https:\\\/\\\/rockyspincasino.es\\\/de\\\/contacto\\\/#breadcrumb\"},\"inLanguage\":\"de\",\"potentialAction\":[{\"@type\":\"ReadAction\",\"target\":[\"https:\\\/\\\/rockyspincasino.es\\\/de\\\/contacto\\\/\"]}]},{\"@type\":\"BreadcrumbList\",\"@id\":\"https:\\\/\\\/rockyspincasino.es\\\/de\\\/contacto\\\/#breadcrumb\",\"itemListElement\":[{\"@type\":\"ListItem\",\"position\":1,\"name\":\"Rockyspin\",\"item\":\"https:\\\/\\\/rockyspincasino.es\\\/de\\\/\"},{\"@type\":\"ListItem\",\"position\":2,\"name\":\"Kontakt\"}]},{\"@type\":\"WebSite\",\"@id\":\"https:\\\/\\\/rockyspincasino.es\\\/de\\\/#website\",\"url\":\"https:\\\/\\\/rockyspincasino.es\\\/de\\\/\",\"name\":\"Rockyspin\",\"description\":\"\",\"publisher\":{\"@id\":\"https:\\\/\\\/rockyspincasino.es\\\/de\\\/#organization\"},\"potentialAction\":[{\"@type\":\"SearchAction\",\"target\":{\"@type\":\"EntryPoint\",\"urlTemplate\":\"https:\\\/\\\/rockyspincasino.es\\\/de\\\/?s={search_term_string}\"},\"query-input\":{\"@type\":\"PropertyValueSpecification\",\"valueRequired\":true,\"valueName\":\"search_term_string\"}}],\"inLanguage\":\"de\"},{\"@type\":\"Organization\",\"@id\":\"https:\\\/\\\/rockyspincasino.es\\\/de\\\/#organization\",\"name\":\"Rockyspin\",\"url\":\"https:\\\/\\\/rockyspincasino.es\\\/de\\\/\",\"logo\":{\"@type\":\"ImageObject\",\"inLanguage\":\"de\",\"@id\":\"https:\\\/\\\/rockyspincasino.es\\\/de\\\/#\\\/schema\\\/logo\\\/image\\\/\",\"url\":\"https:\\\/\\\/rockyspincasino.es\\\/wp-content\\\/uploads\\\/2025\\\/03\\\/logo-main.svg\",\"contentUrl\":\"https:\\\/\\\/rockyspincasino.es\\\/wp-content\\\/uploads\\\/2025\\\/03\\\/logo-main.svg\",\"width\":101,\"height\":27,\"caption\":\"Rockyspin\"},\"image\":{\"@id\":\"https:\\\/\\\/rockyspincasino.es\\\/de\\\/#\\\/schema\\\/logo\\\/image\\\/\"}}]}<\/script>\n<!-- \/ Yoast SEO plugin. -->","yoast_head_json":{"title":"Kontakt - rockyspincasino","description":"Kontaktieren Sie RockySpin Casino f\u00fcr Fragen oder Hilfe. F\u00fcllen Sie das untenstehende Formular aus und unser Support-Team wird sich umgehend mit Ihnen in Verbindung setzen.","robots":{"index":"index","follow":"follow","max-snippet":"max-snippet:-1","max-image-preview":"max-image-preview:large","max-video-preview":"max-video-preview:-1"},"canonical":"https:\/\/rockyspincasino.es\/de\/contacto\/","og_locale":"de_DE","og_type":"article","og_title":"Kontakt - rockyspincasino","og_description":"Kontaktieren Sie RockySpin Casino f\u00fcr Fragen oder Hilfe. F\u00fcllen Sie das untenstehende Formular aus und unser Support-Team wird sich umgehend mit Ihnen in Verbindung setzen.","og_url":"https:\/\/rockyspincasino.es\/de\/contacto\/","og_site_name":"rockyspincasino","article_modified_time":"2025-05-13T09:55:10+00:00","twitter_card":"summary_large_image","twitter_misc":{"Gesch\u00e4tzte Lesezeit":"1\u00a0Minute"},"schema":{"@context":"https:\/\/schema.org","@graph":[{"@type":"WebPage","@id":"https:\/\/rockyspincasino.es\/de\/contacto\/","url":"https:\/\/rockyspincasino.es\/de\/contacto\/","name":"Kontakt - rockyspincasino","isPartOf":{"@id":"https:\/\/rockyspincasino.es\/de\/#website"},"datePublished":"2024-10-27T13:48:15+00:00","dateModified":"2025-05-13T09:55:10+00:00","description":"Kontaktieren Sie RockySpin Casino f\u00fcr Fragen oder Hilfe. F\u00fcllen Sie das untenstehende Formular aus und unser Support-Team wird sich umgehend mit Ihnen in Verbindung setzen.","breadcrumb":{"@id":"https:\/\/rockyspincasino.es\/de\/contacto\/#breadcrumb"},"inLanguage":"de","potentialAction":[{"@type":"ReadAction","target":["https:\/\/rockyspincasino.es\/de\/contacto\/"]}]},{"@type":"BreadcrumbList","@id":"https:\/\/rockyspincasino.es\/de\/contacto\/#breadcrumb","itemListElement":[{"@type":"ListItem","position":1,"name":"Rockyspin","item":"https:\/\/rockyspincasino.es\/de\/"},{"@type":"ListItem","position":2,"name":"Kontakt"}]},{"@type":"WebSite","@id":"https:\/\/rockyspincasino.es\/de\/#website","url":"https:\/\/rockyspincasino.es\/de\/","name":"Rockyspin","description":"","publisher":{"@id":"https:\/\/rockyspincasino.es\/de\/#organization"},"potentialAction":[{"@type":"SearchAction","target":{"@type":"EntryPoint","urlTemplate":"https:\/\/rockyspincasino.es\/de\/?s={search_term_string}"},"query-input":{"@type":"PropertyValueSpecification","valueRequired":true,"valueName":"search_term_string"}}],"inLanguage":"de"},{"@type":"Organization","@id":"https:\/\/rockyspincasino.es\/de\/#organization","name":"Rockyspin","url":"https:\/\/rockyspincasino.es\/de\/","logo":{"@type":"ImageObject","inLanguage":"de","@id":"https:\/\/rockyspincasino.es\/de\/#\/schema\/logo\/image\/","url":"https:\/\/rockyspincasino.es\/wp-content\/uploads\/2025\/03\/logo-main.svg","contentUrl":"https:\/\/rockyspincasino.es\/wp-content\/uploads\/2025\/03\/logo-main.svg","width":101,"height":27,"caption":"Rockyspin"},"image":{"@id":"https:\/\/rockyspincasino.es\/de\/#\/schema\/logo\/image\/"}}]}},"_links":{"self":[{"href":"https:\/\/rockyspincasino.es\/de\/wp-json\/wp\/v2\/pages\/1169","targetHints":{"allow":["GET"]}}],"collection":[{"href":"https:\/\/rockyspincasino.es\/de\/wp-json\/wp\/v2\/pages"}],"about":[{"href":"https:\/\/rockyspincasino.es\/de\/wp-json\/wp\/v2\/types\/page"}],"author":[{"embeddable":true,"href":"https:\/\/rockyspincasino.es\/de\/wp-json\/wp\/v2\/users\/1"}],"replies":[{"embeddable":true,"href":"https:\/\/rockyspincasino.es\/de\/wp-json\/wp\/v2\/comments?post=1169"}],"version-history":[{"count":1,"href":"https:\/\/rockyspincasino.es\/de\/wp-json\/wp\/v2\/pages\/1169\/revisions"}],"predecessor-version":[{"id":1171,"href":"https:\/\/rockyspincasino.es\/de\/wp-json\/wp\/v2\/pages\/1169\/revisions\/1171"}],"wp:attachment":[{"href":"https:\/\/rockyspincasino.es\/de\/wp-json\/wp\/v2\/media?parent=1169"}],"curies":[{"name":"wp","href":"https:\/\/api.w.org\/{rel}","templated":true}]}}